{"id":123,"date":"2012-07-20T10:30:54","date_gmt":"2012-07-20T09:30:54","guid":{"rendered":"http:\/\/fwb-bremen.de\/wordpress\/?page_id=123"},"modified":"2024-10-11T10:40:52","modified_gmt":"2024-10-11T09:40:52","slug":"termine-20122013","status":"publish","type":"page","link":"https:\/\/fwb-bremen.de\/wordpress\/?page_id=123","title":{"rendered":"Informationen FWB\/APP, Kosten &amp; Termine ab 2025"},"content":{"rendered":"<p>Die Modul- und Termindaten finden Sie auf den Seiten der Bildungsakademie des Gesundheit-Nord Klinikverbundes am Standort Klinikum Bremen-Ost.<\/p>\n<p>F\u00fcr die Fachweiterbildung &#8222;Psychiatrische Pflege&#8220; : <a href=\"https:\/\/www.gesundheitnord.de\/fwb-1.html\">Hier entlang\u00a0<\/a><br \/>\nF\u00fcr das Weiterbildungsmodul &#8222;APP\/pHKP (ambulante Psychiatrische Pflege)&#8220;: <a href=\"https:\/\/www.gesundheitnord.de\/fortundweiterbildung\/weiterbildung-ambulante-psychiatrische-pflege.html\">Hier entlang.<\/a><\/p>\n<p>Anmerkungen:<\/p>\n<ul>\n<li><strong><strong>Die berufspraktischen Anteile belaufen sich je nach Modul zw. 10-15 Wochen und werden im Regelfall im eigenen Arbeitsbereich geleistet.<\/strong><\/strong><\/li>\n<li><strong><strong>Ein Einstieg in jedes Modul ist unabh\u00e4ngig von bisher absolvierten Modulen m\u00f6glich.<\/strong><\/strong><\/li>\n<li><strong>Der m\u00f6gliche Weiterbildungsbeginn richtet sich nach der Bewerberlage und steht in Abh\u00e4ngigkeit zur Ausbildungskapazit\u00e4t der Weiterbildungsst\u00e4tte. Wir sind um fr\u00fchzeitige Planung bem\u00fcht, die Termine sind bis zur Best\u00e4tigung aber ohne Gew\u00e4hr. Verschiebungen werden rechtzeitig durch die Weiterbildungsst\u00e4tte mitgeteilt.<\/strong><\/li>\n<\/ul>\n","protected":false},"excerpt":{"rendered":"<p>Die Modul- und Termindaten finden Sie auf den Seiten der Bildungsakademie des Gesundheit-Nord Klinikverbundes am Standort Klinikum Bremen-Ost. F\u00fcr die Fachweiterbildung &#8222;Psychiatrische Pflege&#8220; : Hier entlang\u00a0 F\u00fcr das Weiterbildungsmodul &#8222;APP\/pHKP (ambulante Psychiatrische Pflege)&#8220;: Hier entlang. Anmerkungen: Die berufspraktischen Anteile belaufen &hellip; <a href=\"https:\/\/fwb-bremen.de\/wordpress\/?page_id=123\">Weiterlesen <span class=\"meta-nav\">&rarr;<\/span><\/a><\/p>\n","protected":false},"author":1,"featured_media":0,"parent":0,"menu_order":13,"comment_status":"closed","ping_status":"closed","template":"","meta":{"footnotes":""},"class_list":["post-123","page","type-page","status-publish","hentry"],"_links":{"self":[{"href":"https:\/\/fwb-bremen.de\/wordpress\/index.php?rest_route=\/wp\/v2\/pages\/123","targetHints":{"allow":["GET"]}}],"collection":[{"href":"https:\/\/fwb-bremen.de\/wordpress\/index.php?rest_route=\/wp\/v2\/pages"}],"about":[{"href":"https:\/\/fwb-bremen.de\/wordpress\/index.php?rest_route=\/wp\/v2\/types\/page"}],"author":[{"embeddable":true,"href":"https:\/\/fwb-bremen.de\/wordpress\/index.php?rest_route=\/wp\/v2\/users\/1"}],"replies":[{"embeddable":true,"href":"https:\/\/fwb-bremen.de\/wordpress\/index.php?rest_route=%2Fwp%2Fv2%2Fcomments&post=123"}],"version-history":[{"count":22,"href":"https:\/\/fwb-bremen.de\/wordpress\/index.php?rest_route=\/wp\/v2\/pages\/123\/revisions"}],"predecessor-version":[{"id":861,"href":"https:\/\/fwb-bremen.de\/wordpress\/index.php?rest_route=\/wp\/v2\/pages\/123\/revisions\/861"}],"wp:attachment":[{"href":"https:\/\/fwb-bremen.de\/wordpress\/index.php?rest_route=%2Fwp%2Fv2%2Fmedia&parent=123"}],"curies":[{"name":"wp","href":"https:\/\/api.w.org\/{rel}","templated":true}]}}